{"id":81230,"date":"2024-04-23T10:57:43","date_gmt":"2024-04-23T07:57:43","guid":{"rendered":"https:\/\/www.mozaik.com\/?page_id=81230"},"modified":"2024-05-27T15:45:21","modified_gmt":"2024-05-27T12:45:21","slug":"contact","status":"publish","type":"page","link":"https:\/\/www.mozaik.com\/fr\/contact\/","title":{"rendered":"Contact"},"content":{"rendered":"","protected":false},"excerpt":{"rendered":"","protected":false},"author":1,"featured_media":0,"parent":0,"menu_order":5,"comment_status":"closed","ping_status":"closed","template":"templates\/contact.php","meta":[],"yoast_head":"<!-- This site is optimized with the Yoast SEO plugin v19.9 - https:\/\/yoast.com\/wordpress\/plugins\/seo\/ -->\n<title>Coordonn\u00e9es et adresse | Agence Mozaik Gen\u00e8ve, Paris, Ath\u00e8nes<\/title>\n<meta name=\"description\" content=\"+30 210 3227 400 fax : +30 210 3227 410 e : contact@mozaik.com\" \/>\n<meta name=\"robots\" content=\"index, follow, max-snippet:-1, max-image-preview:large, max-video-preview:-1\" \/>\n<link rel=\"canonical\" href=\"https:\/\/www.mozaik.com\/contact\/?lang=fr\" \/>\n<meta property=\"og:locale\" content=\"fr_FR\" \/>\n<meta property=\"og:type\" content=\"article\" \/>\n<meta property=\"og:title\" content=\"Coordonn\u00e9es et adresse | Agence Mozaik Gen\u00e8ve, Paris, Ath\u00e8nes\" \/>\n<meta property=\"og:description\" content=\"+30 210 3227 400 fax : +30 210 3227 410 e : contact@mozaik.com\" \/>\n<meta property=\"og:url\" content=\"https:\/\/www.mozaik.com\/contact\/?lang=fr\" \/>\n<meta property=\"og:site_name\" content=\"Mozaik Corporate Website\" \/>\n<meta property=\"article:publisher\" content=\"https:\/\/www.facebook.com\/MozaikOnline\/?fref=ts\" \/>\n<meta property=\"article:modified_time\" content=\"2024-05-27T12:45:21+00:00\" \/>\n<meta property=\"og:image\" content=\"https:\/\/www.mozaik.com\/wp-content\/uploads\/2016\/01\/sharing.jpg\" \/>\n\t<meta property=\"og:image:width\" content=\"1200\" \/>\n\t<meta property=\"og:image:height\" content=\"630\" \/>\n\t<meta property=\"og:image:type\" content=\"image\/jpeg\" \/>\n<meta name=\"twitter:card\" content=\"summary_large_image\" \/>\n<meta name=\"twitter:site\" content=\"@mozaikagency\" \/>\n<script type=\"application\/ld+json\" class=\"yoast-schema-graph\">{\"@context\":\"https:\/\/schema.org\",\"@graph\":[{\"@type\":\"WebPage\",\"@id\":\"https:\/\/www.mozaik.com\/contact\/?lang=fr\",\"url\":\"https:\/\/www.mozaik.com\/contact\/?lang=fr\",\"name\":\"Coordonn\u00e9es et adresse | Agence Mozaik Gen\u00e8ve, Paris, Ath\u00e8nes\",\"isPartOf\":{\"@id\":\"https:\/\/www.mozaik.com\/#website\"},\"datePublished\":\"2024-04-23T07:57:43+00:00\",\"dateModified\":\"2024-05-27T12:45:21+00:00\",\"description\":\"+30 210 3227 400 fax : +30 210 3227 410 e : contact@mozaik.com\",\"breadcrumb\":{\"@id\":\"https:\/\/www.mozaik.com\/contact\/?lang=fr#breadcrumb\"},\"inLanguage\":\"fr-FR\",\"potentialAction\":[{\"@type\":\"ReadAction\",\"target\":[\"https:\/\/www.mozaik.com\/contact\/?lang=fr\"]}]},{\"@type\":\"BreadcrumbList\",\"@id\":\"https:\/\/www.mozaik.com\/contact\/?lang=fr#breadcrumb\",\"itemListElement\":[{\"@type\":\"ListItem\",\"position\":1,\"name\":\"Home\",\"item\":\"https:\/\/www.mozaik.com\/fr\/\"},{\"@type\":\"ListItem\",\"position\":2,\"name\":\"Contact\"}]},{\"@type\":\"WebSite\",\"@id\":\"https:\/\/www.mozaik.com\/#website\",\"url\":\"https:\/\/www.mozaik.com\/\",\"name\":\"Mozaik Corporate Website\",\"description\":\"\",\"publisher\":{\"@id\":\"https:\/\/www.mozaik.com\/#organization\"},\"potentialAction\":[{\"@type\":\"SearchAction\",\"target\":{\"@type\":\"EntryPoint\",\"urlTemplate\":\"https:\/\/www.mozaik.com\/?s={search_term_string}\"},\"query-input\":\"required name=search_term_string\"}],\"inLanguage\":\"fr-FR\"},{\"@type\":\"Organization\",\"@id\":\"https:\/\/www.mozaik.com\/#organization\",\"name\":\"Mozaik | Digital Marketing Agency\",\"url\":\"https:\/\/www.mozaik.com\/\",\"logo\":{\"@type\":\"ImageObject\",\"inLanguage\":\"fr-FR\",\"@id\":\"https:\/\/www.mozaik.com\/#\/schema\/logo\/image\/\",\"url\":\"https:\/\/www.mozaik.com\/wp-content\/uploads\/2022\/10\/mozaik-logo.png\",\"contentUrl\":\"https:\/\/www.mozaik.com\/wp-content\/uploads\/2022\/10\/mozaik-logo.png\",\"width\":300,\"height\":300,\"caption\":\"Mozaik | Digital Marketing Agency\"},\"image\":{\"@id\":\"https:\/\/www.mozaik.com\/#\/schema\/logo\/image\/\"},\"sameAs\":[\"https:\/\/www.instagram.com\/mozaikagency\/\",\"https:\/\/www.linkedin.com\/company\/mozaik\",\"https:\/\/gr.pinterest.com\/MozaikAgency\/\",\"https:\/\/www.facebook.com\/MozaikOnline\/?fref=ts\",\"https:\/\/twitter.com\/mozaikagency\"]}]}<\/script>\n<!-- \/ Yoast SEO plugin. -->","yoast_head_json":{"title":"Coordonn\u00e9es et adresse | Agence Mozaik Gen\u00e8ve, Paris, Ath\u00e8nes","description":"+30 210 3227 400 fax : +30 210 3227 410 e : contact@mozaik.com","robots":{"index":"index","follow":"follow","max-snippet":"max-snippet:-1","max-image-preview":"max-image-preview:large","max-video-preview":"max-video-preview:-1"},"canonical":"https:\/\/www.mozaik.com\/contact\/?lang=fr","og_locale":"fr_FR","og_type":"article","og_title":"Coordonn\u00e9es et adresse | Agence Mozaik Gen\u00e8ve, Paris, Ath\u00e8nes","og_description":"+30 210 3227 400 fax : +30 210 3227 410 e : contact@mozaik.com","og_url":"https:\/\/www.mozaik.com\/contact\/?lang=fr","og_site_name":"Mozaik Corporate Website","article_publisher":"https:\/\/www.facebook.com\/MozaikOnline\/?fref=ts","article_modified_time":"2024-05-27T12:45:21+00:00","og_image":[{"width":1200,"height":630,"url":"https:\/\/www.mozaik.com\/wp-content\/uploads\/2016\/01\/sharing.jpg","type":"image\/jpeg"}],"twitter_card":"summary_large_image","twitter_site":"@mozaikagency","schema":{"@context":"https:\/\/schema.org","@graph":[{"@type":"WebPage","@id":"https:\/\/www.mozaik.com\/contact\/?lang=fr","url":"https:\/\/www.mozaik.com\/contact\/?lang=fr","name":"Coordonn\u00e9es et adresse | Agence Mozaik Gen\u00e8ve, Paris, Ath\u00e8nes","isPartOf":{"@id":"https:\/\/www.mozaik.com\/#website"},"datePublished":"2024-04-23T07:57:43+00:00","dateModified":"2024-05-27T12:45:21+00:00","description":"+30 210 3227 400 fax : +30 210 3227 410 e : contact@mozaik.com","breadcrumb":{"@id":"https:\/\/www.mozaik.com\/contact\/?lang=fr#breadcrumb"},"inLanguage":"fr-FR","potentialAction":[{"@type":"ReadAction","target":["https:\/\/www.mozaik.com\/contact\/?lang=fr"]}]},{"@type":"BreadcrumbList","@id":"https:\/\/www.mozaik.com\/contact\/?lang=fr#breadcrumb","itemListElement":[{"@type":"ListItem","position":1,"name":"Home","item":"https:\/\/www.mozaik.com\/fr\/"},{"@type":"ListItem","position":2,"name":"Contact"}]},{"@type":"WebSite","@id":"https:\/\/www.mozaik.com\/#website","url":"https:\/\/www.mozaik.com\/","name":"Mozaik Corporate Website","description":"","publisher":{"@id":"https:\/\/www.mozaik.com\/#organization"},"potentialAction":[{"@type":"SearchAction","target":{"@type":"EntryPoint","urlTemplate":"https:\/\/www.mozaik.com\/?s={search_term_string}"},"query-input":"required name=search_term_string"}],"inLanguage":"fr-FR"},{"@type":"Organization","@id":"https:\/\/www.mozaik.com\/#organization","name":"Mozaik | Digital Marketing Agency","url":"https:\/\/www.mozaik.com\/","logo":{"@type":"ImageObject","inLanguage":"fr-FR","@id":"https:\/\/www.mozaik.com\/#\/schema\/logo\/image\/","url":"https:\/\/www.mozaik.com\/wp-content\/uploads\/2022\/10\/mozaik-logo.png","contentUrl":"https:\/\/www.mozaik.com\/wp-content\/uploads\/2022\/10\/mozaik-logo.png","width":300,"height":300,"caption":"Mozaik | Digital Marketing Agency"},"image":{"@id":"https:\/\/www.mozaik.com\/#\/schema\/logo\/image\/"},"sameAs":["https:\/\/www.instagram.com\/mozaikagency\/","https:\/\/www.linkedin.com\/company\/mozaik","https:\/\/gr.pinterest.com\/MozaikAgency\/","https:\/\/www.facebook.com\/MozaikOnline\/?fref=ts","https:\/\/twitter.com\/mozaikagency"]}]}},"_links":{"self":[{"href":"https:\/\/www.mozaik.com\/fr\/wp-json\/wp\/v2\/pages\/81230"}],"collection":[{"href":"https:\/\/www.mozaik.com\/fr\/wp-json\/wp\/v2\/pages"}],"about":[{"href":"https:\/\/www.mozaik.com\/fr\/wp-json\/wp\/v2\/types\/page"}],"author":[{"embeddable":true,"href":"https:\/\/www.mozaik.com\/fr\/wp-json\/wp\/v2\/users\/1"}],"replies":[{"embeddable":true,"href":"https:\/\/www.mozaik.com\/fr\/wp-json\/wp\/v2\/comments?post=81230"}],"version-history":[{"count":9,"href":"https:\/\/www.mozaik.com\/fr\/wp-json\/wp\/v2\/pages\/81230\/revisions"}],"predecessor-version":[{"id":81487,"href":"https:\/\/www.mozaik.com\/fr\/wp-json\/wp\/v2\/pages\/81230\/revisions\/81487"}],"wp:attachment":[{"href":"https:\/\/www.mozaik.com\/fr\/wp-json\/wp\/v2\/media?parent=81230"}],"curies":[{"name":"wp","href":"https:\/\/api.w.org\/{rel}","templated":true}]}}